{"id":199,"date":"2013-09-19T10:27:34","date_gmt":"2013-09-19T08:27:34","guid":{"rendered":"http:\/\/www.reservisten-fellbach.de\/?page_id=199"},"modified":"2017-02-24T15:09:15","modified_gmt":"2017-02-24T14:09:15","slug":"ueber-uns-2","status":"publish","type":"page","link":"http:\/\/www.reservisten-fellbach.de\/?page_id=199","title":{"rendered":"Willkommen"},"content":{"rendered":"<p>Wir &#8211; die RK Fellbach &#8211; sind alt, grau und verstaubt?<\/p>\n<p><b>Nat\u00fcrlich nicht!<\/b><\/p>\n<p>Unsere RK ist ein Zusammenschluss der unterschiedlichsten Menschen. Wir haben gediente und ungediente Mitglieder, weibliche und m\u00e4nnliche sowie junge und \u2026 sagen wir mal reifere. Im Prinzip ein Spiegelbild unserer Gesellschaft \u2013 und so soll es auch sein!<\/p>\n<p>Im Vordergrund stehen in erster Linie auch keine Dienstgrade oder die Zugeh\u00f6rigkeit zu einer speziellen Teilstreitkraft, wobei wir nat\u00fcrlich Vertreter aus allen Teilstreitkr\u00e4ften wie Heer, Streitkr\u00e4ftebasis, Marine und Luftwaffe und sogar Kameraden ausl\u00e4ndischer Streitkr\u00e4fte in unseren Reihen haben, sondern das gemeinsame und kameradschaftliche Miteinander.<\/p>\n<p>Dieses Miteinander besteht aus den unterschiedlichsten Facetten und macht das Abenteuer <b>Reservisten<\/b> so spannend.<\/p>\n<p>So geh\u00f6ren neben den monatlichen RK-Abenden nat\u00fcrlich auch Veranstaltungen wie zivile- und milit\u00e4rische Wettk\u00e4mpfe, Lauf- und Marschveranstaltungen, Schie\u00dfveranstaltungen, Weiterbildungen sowie gemeinsame Feste zu unseren Aktivit\u00e4ten.<\/p>\n<p>Ganz nach dem Motto \u2013 jeder kann, keiner muss.<\/p>\n<p>Die RK Fellbach ist offizielles Mitglied im Verband der Reservisten der Deutschen Bundeswehr e.V. und dort der Kreisgruppe Mittlerer Neckar zugeordnet.<\/p>\n<p>Aus diesem Grund finden die oben aufgef\u00fchrten Aktivit\u00e4ten meist in Form einer sogenannten DVag (Dienstliche Veranstaltung) oder einer VVag (Verbands Veranstaltung) statt. Bei ersterem wird es\u00a0f\u00fcr ehemalige Soldaten richtig spannend, nat\u00fcrlich mit allen Rechten und Pflichten in Uniform.<\/p>\n<p><strong>Falls wir nun Dein Interesse geweckt haben, sprech uns doch einfach an! <a title=\"Kontakt\" href=\"http:\/\/www.reservisten-fellbach.de\/?page_id=107\">Kontakt<\/a><\/strong><\/p>\n<p><strong>Wir treffen uns jeden letzten Mittwoch im Monat ab 20:00 Uhr im\u00a0Gasthaus\u00a0Waldhorn\u00a0in Fellbach.<\/strong><\/p>\n<p>Gasthaus Waldhorn<br \/>\nBurgstr. 23<br \/>\n70734 Fellbach<\/p>\n<p><iframe loading=\"lazy\" style=\"border: 0px currentColor;\" src=\"https:\/\/www.google.com\/maps\/embed?pb=!1m14!1m8!1m3!1d2627.8035597311273!2d9.276207!3d48.8047277!3m2!1i1024!2i768!4f13.1!3m3!1m2!1s0x4799c5c388dbf367%3A0xd365f1167698fd2d!2sBurgstra%C3%9Fe+23%2C+70734+Fellbach!5e0!3m2!1sde!2sde!4v1480620405984\" width=\"500\" height=\"350\" frameborder=\"0\" allowfullscreen=\"allowfullscreen\"><\/iframe><\/p>\n","protected":false},"excerpt":{"rendered":"<p>Wir &#8211; die RK Fellbach &#8211; sind alt, grau und verstaubt? Nat\u00fcrlich nicht! Unsere RK ist ein Zusammenschluss der unterschiedlichsten Menschen. Wir haben gediente und ungediente Mitglieder, weibliche und m\u00e4nnliche sowie junge und \u2026 sagen wir mal reifere. Im Prinzip ein Spiegelbild unserer Gesellschaft \u2013 und so soll es auch sein! Im Vordergrund stehen in [&hellip;]<\/p>\n","protected":false},"author":31,"featured_media":0,"parent":513,"menu_order":10,"comment_status":"closed","ping_status":"closed","template":"template-fullwidth.php","meta":[],"_links":{"self":[{"href":"http:\/\/www.reservisten-fellbach.de\/index.php?rest_route=\/wp\/v2\/pages\/199"}],"collection":[{"href":"http:\/\/www.reservisten-fellbach.de\/index.php?rest_route=\/wp\/v2\/pages"}],"about":[{"href":"http:\/\/www.reservisten-fellbach.de\/index.php?rest_route=\/wp\/v2\/types\/page"}],"author":[{"embeddable":true,"href":"http:\/\/www.reservisten-fellbach.de\/index.php?rest_route=\/wp\/v2\/users\/31"}],"replies":[{"embeddable":true,"href":"http:\/\/www.reservisten-fellbach.de\/index.php?rest_route=%2Fwp%2Fv2%2Fcomments&post=199"}],"version-history":[{"count":31,"href":"http:\/\/www.reservisten-fellbach.de\/index.php?rest_route=\/wp\/v2\/pages\/199\/revisions"}],"predecessor-version":[{"id":3080,"href":"http:\/\/www.reservisten-fellbach.de\/index.php?rest_route=\/wp\/v2\/pages\/199\/revisions\/3080"}],"up":[{"embeddable":true,"href":"http:\/\/www.reservisten-fellbach.de\/index.php?rest_route=\/wp\/v2\/pages\/513"}],"wp:attachment":[{"href":"http:\/\/www.reservisten-fellbach.de\/index.php?rest_route=%2Fwp%2Fv2%2Fmedia&parent=199"}],"curies":[{"name":"wp","href":"https:\/\/api.w.org\/{rel}","templated":true}]}}