{"id":186,"date":"2013-09-19T09:31:30","date_gmt":"2013-09-19T07:31:30","guid":{"rendered":"http:\/\/www.reservisten-fellbach.de\/?page_id=186"},"modified":"2019-07-04T15:33:06","modified_gmt":"2019-07-04T14:33:06","slug":"unsere-kreisgruppe","status":"publish","type":"page","link":"http:\/\/www.reservisten-fellbach.de\/?page_id=186","title":{"rendered":"Unsere Kreisgruppe"},"content":{"rendered":"<p>Der Reservistenverband (Verband der Reservisten der Deutschen Bundeswehr e. V.) ist eine Vereinigung der Reservisten und ehemaligen Soldaten der Bundeswehr.<\/p>\n<ul>\n<li>Er wirkt im Auftrag des Deutschen Bundestages als Tr\u00e4ger der Freiwilligen Reservistenarbeit au\u00dferhalb der Bundeswehr.<\/li>\n<li>Er ist unabh\u00e4ngig und \u00fcberparteilich.<\/li>\n<li>Er spricht f\u00fcr alle Reservisten der Bundeswehr und vertritt deren Interessen.<\/li>\n<li>Er ist Mittler zwischen Bundeswehr und Gesellschaft.<\/li>\n<\/ul>\n<p>Die Kreisgruppe Mittlerer Neckar ist eine der neun Kreisgruppen in der Landesgruppe Baden-W\u00fcrttemberg und umfasst die Landeshauptstadt Stuttgart, die Landkreise B\u00f6blingen, Esslingen, Ludwigsburg, Rems-Murr und den Raum Gaildorf mit \u00fcber 1.400 Mitgliedern.<br \/>\nWir bieten ein breit gef\u00e4chertes und umfassendes Ausbildungs- und Veranstaltungsprogramm an, das die W\u00fcnsche und Belange aller Reservisten ber\u00fccksichtigt.<\/p>\n<ul>\n<li>Wichtig ist uns dabei eine ausgewogene Mischung aus dem Bereich der milit\u00e4rischen Aus- und In\u00fcbung-Haltung (milAusb) und Sicherheitspolitischer Information (SiPol).<\/li>\n<li>Entsprechend der Vorgaben von Verband und Verteidigungsministerium hat sich der Ausbildungsschwerpunkt inzwischen, ad\u00e4quat zur aktiven Truppe, hin zum \u201cErweiterten Aufgabenspektrum Bundeswehr\u201d (EAS) verlagert.<\/li>\n<li>Verschiedene Arbeitsgruppen (f\u00fcr Unteroffiziere, Offiziere, Schie\u00dfsport) unterst\u00fctzen uns dabei.<\/li>\n<\/ul>\n<p>Viele Kameraden in unseren Reihen haben Erfahrungen in verschiedensten Verwendungen \u2013 auch in Auslandseins\u00e4tzen \u2013 gesammelt und freuen sich darauf, diese im Rahmen einer motivierenden und fordernden Ausbildung weiterzugeben.<\/p>\n<p>Quelle:<br \/>\n<a href=\"http:\/\/www.reservistenverband.de\" target=\"_blank\" rel=\"noopener\">www.reservistenverband.de<\/a><\/p>\n","protected":false},"excerpt":{"rendered":"<p>Der Reservistenverband (Verband der Reservisten der Deutschen Bundeswehr e. V.) ist eine Vereinigung der Reservisten und ehemaligen Soldaten der Bundeswehr. Er wirkt im Auftrag des Deutschen Bundestages als Tr\u00e4ger der Freiwilligen Reservistenarbeit au\u00dferhalb der Bundeswehr. Er ist unabh\u00e4ngig und \u00fcberparteilich. Er spricht f\u00fcr alle Reservisten der Bundeswehr und vertritt deren Interessen. Er ist Mittler zwischen [&hellip;]<\/p>\n","protected":false},"author":31,"featured_media":0,"parent":513,"menu_order":30,"comment_status":"closed","ping_status":"closed","template":"template-fullwidth.php","meta":[],"_links":{"self":[{"href":"http:\/\/www.reservisten-fellbach.de\/index.php?rest_route=\/wp\/v2\/pages\/186"}],"collection":[{"href":"http:\/\/www.reservisten-fellbach.de\/index.php?rest_route=\/wp\/v2\/pages"}],"about":[{"href":"http:\/\/www.reservisten-fellbach.de\/index.php?rest_route=\/wp\/v2\/types\/page"}],"author":[{"embeddable":true,"href":"http:\/\/www.reservisten-fellbach.de\/index.php?rest_route=\/wp\/v2\/users\/31"}],"replies":[{"embeddable":true,"href":"http:\/\/www.reservisten-fellbach.de\/index.php?rest_route=%2Fwp%2Fv2%2Fcomments&post=186"}],"version-history":[{"count":6,"href":"http:\/\/www.reservisten-fellbach.de\/index.php?rest_route=\/wp\/v2\/pages\/186\/revisions"}],"predecessor-version":[{"id":3724,"href":"http:\/\/www.reservisten-fellbach.de\/index.php?rest_route=\/wp\/v2\/pages\/186\/revisions\/3724"}],"up":[{"embeddable":true,"href":"http:\/\/www.reservisten-fellbach.de\/index.php?rest_route=\/wp\/v2\/pages\/513"}],"wp:attachment":[{"href":"http:\/\/www.reservisten-fellbach.de\/index.php?rest_route=%2Fwp%2Fv2%2Fmedia&parent=186"}],"curies":[{"name":"wp","href":"https:\/\/api.w.org\/{rel}","templated":true}]}}